{"id":196,"date":"2021-04-03T20:31:37","date_gmt":"2021-04-03T20:31:37","guid":{"rendered":"http:\/\/www.ataskon.org\/?page_id=196"},"modified":"2021-04-03T20:32:25","modified_gmt":"2021-04-03T20:32:25","slug":"yonetim-kurulu-2","status":"publish","type":"page","link":"http:\/\/www.ataskon.org\/?page_id=196","title":{"rendered":"Y\u00f6netim Kurulu"},"content":{"rendered":"\n<p><strong>Genel Ba\u015fkan:<\/strong>&nbsp;Hac\u0131 S\u00dcRMENEL\u0130<\/p>\n\n\n\n<p><strong>Ba\u015fkan Vekili:<\/strong>&nbsp;Burhanettin KANSIZO\u011eLU<\/p>\n\n\n\n<p><strong>Genel Sekreter:<\/strong>&nbsp;Ahmet NAS<\/p>\n\n\n\n<p><strong>Ba\u015fkan Yard\u0131mc\u0131lar\u0131:<\/strong>&nbsp;Ali \u00c7OLAK, Elgame BULUT, Erdal KORKMAZ, Mehmet Emin FELEMEZOL\u011eULLARI, Necmettin \u00dc\u00c7YILDIZ<\/p>\n\n\n\n<p><strong>Y\u00f6netim Kurulu \u00dcyeleri:<\/strong>&nbsp;Enes \u015e\u0130\u015eMAN, Halit DEM\u0130R, Hayati G\u00dcNER\u0130, \u0130smail KELPET\u0130N, Mustafa \u00d6NSAY, Ya\u015far YERL\u0130KAYA<\/p>\n","protected":false},"excerpt":{"rendered":"<p>Genel Ba\u015fkan:&nbsp;Hac\u0131 S\u00dcRMENEL\u0130 Ba\u015fkan Vekili:&nbsp;Burhanettin KANSIZO\u011eLU Genel Sekreter:&nbsp;Ahmet NAS Ba\u015fkan Yard\u0131mc\u0131lar\u0131:&nbsp;Ali \u00c7OLAK, Elgame BULUT, Erdal KORKMAZ, Mehmet Emin FELEMEZOL\u011eULLARI, Necmettin<\/p>\n","protected":false},"author":1,"featured_media":0,"parent":0,"menu_order":0,"comment_status":"closed","ping_status":"closed","template":"","meta":[],"_links":{"self":[{"href":"http:\/\/www.ataskon.org\/index.php?rest_route=\/wp\/v2\/pages\/196"}],"collection":[{"href":"http:\/\/www.ataskon.org\/index.php?rest_route=\/wp\/v2\/pages"}],"about":[{"href":"http:\/\/www.ataskon.org\/index.php?rest_route=\/wp\/v2\/types\/page"}],"author":[{"embeddable":true,"href":"http:\/\/www.ataskon.org\/index.php?rest_route=\/wp\/v2\/users\/1"}],"replies":[{"embeddable":true,"href":"http:\/\/www.ataskon.org\/index.php?rest_route=%2Fwp%2Fv2%2Fcomments&post=196"}],"version-history":[{"count":2,"href":"http:\/\/www.ataskon.org\/index.php?rest_route=\/wp\/v2\/pages\/196\/revisions"}],"predecessor-version":[{"id":199,"href":"http:\/\/www.ataskon.org\/index.php?rest_route=\/wp\/v2\/pages\/196\/revisions\/199"}],"wp:attachment":[{"href":"http:\/\/www.ataskon.org\/index.php?rest_route=%2Fwp%2Fv2%2Fmedia&parent=196"}],"curies":[{"name":"wp","href":"https:\/\/api.w.org\/{rel}","templated":true}]}}