{"id":44,"date":"2021-03-24T22:51:11","date_gmt":"2021-03-24T22:51:11","guid":{"rendered":"http:\/\/www.ataskon.org\/?page_id=44"},"modified":"2021-03-25T00:12:30","modified_gmt":"2021-03-25T00:12:30","slug":"layout","status":"publish","type":"page","link":"http:\/\/www.ataskon.org\/?page_id=44","title":{"rendered":"Ba\u011fl\u0131 Federasyonlar"},"content":{"rendered":"<table width=\"351\">\n<tbody>\n<tr>\n<td width=\"351\">Akdeniz Ata Sporlar\u0131 Federasyonu &#8211; Ba\u015fkan Gamze U\u00c7AR<\/td>\n<\/tr>\n<tr>\n<td>Do\u011fu Anadolu Ata Sporlar\u0131 Federasyonu &#8211; Ba\u015fkan Erdal KORKMAZ<\/td>\n<\/tr>\n<tr>\n<td>Ege Ata Sporlar\u0131 Federasyonu &#8211; Ba\u015fkan Burhanettin KANSIZO\u011eLU<\/td>\n<\/tr>\n<tr>\n<td>G\u00fcneydo\u011fu Anadolu Ata Sporlar\u0131 Federasyonu &#8211; Ba\u015fkan M. Emin FELEMEZO\u011eULLARI<\/td>\n<\/tr>\n<tr>\n<td>\u0130\u00e7 Anadolu Ata Sporlar\u0131 Federasyonu &#8211; Ba\u015fkan Elgame BULUT<\/td>\n<\/tr>\n<tr>\n<td>Karadeniz Ata Sporlar\u0131 Federasyonu &#8211; Ba\u015fkan Ali \u00c7OLAK<\/td>\n<\/tr>\n<tr>\n<td>Marmara Ata Sporlar\u0131 Federasyonu &#8211; Ba\u015fkan Necmettin \u00dc\u00c7YILDIZ<\/td>\n<\/tr>\n<tr>\n<td>Mas G\u00fcre\u015fi Federasyonu &#8211; Ba\u015fkan Ahmet NAS<\/td>\n<\/tr>\n<tr>\n<td>Matrak Federasyonu &#8211; Ba\u015fkan Efkan \u00c7ALI\u015e<\/td>\n<\/tr>\n<\/tbody>\n<\/table>\n","protected":false},"excerpt":{"rendered":"<p>Akdeniz Ata Sporlar\u0131 Federasyonu &#8211; Ba\u015fkan Gamze U\u00c7AR Do\u011fu Anadolu Ata Sporlar\u0131 Federasyonu &#8211; Ba\u015fkan Erdal KORKMAZ Ege Ata Sporlar\u0131<\/p>\n","protected":false},"author":1,"featured_media":0,"parent":0,"menu_order":0,"comment_status":"closed","ping_status":"closed","template":"","meta":[],"_links":{"self":[{"href":"http:\/\/www.ataskon.org\/index.php?rest_route=\/wp\/v2\/pages\/44"}],"collection":[{"href":"http:\/\/www.ataskon.org\/index.php?rest_route=\/wp\/v2\/pages"}],"about":[{"href":"http:\/\/www.ataskon.org\/index.php?rest_route=\/wp\/v2\/types\/page"}],"author":[{"embeddable":true,"href":"http:\/\/www.ataskon.org\/index.php?rest_route=\/wp\/v2\/users\/1"}],"replies":[{"embeddable":true,"href":"http:\/\/www.ataskon.org\/index.php?rest_route=%2Fwp%2Fv2%2Fcomments&post=44"}],"version-history":[{"count":3,"href":"http:\/\/www.ataskon.org\/index.php?rest_route=\/wp\/v2\/pages\/44\/revisions"}],"predecessor-version":[{"id":94,"href":"http:\/\/www.ataskon.org\/index.php?rest_route=\/wp\/v2\/pages\/44\/revisions\/94"}],"wp:attachment":[{"href":"http:\/\/www.ataskon.org\/index.php?rest_route=%2Fwp%2Fv2%2Fmedia&parent=44"}],"curies":[{"name":"wp","href":"https:\/\/api.w.org\/{rel}","templated":true}]}}