{"id":83,"date":"2021-03-24T23:26:21","date_gmt":"2021-03-24T23:26:21","guid":{"rendered":"http:\/\/www.ataskon.org\/?page_id=83"},"modified":"2021-04-03T20:22:49","modified_gmt":"2021-04-03T20:22:49","slug":"yonetim-kurulu","status":"publish","type":"page","link":"http:\/\/www.ataskon.org\/?page_id=83","title":{"rendered":"ORGANLAR"},"content":{"rendered":"\n<p>Y\u00d6NET\u0130M KURULU<\/p>\n\n\n\n<p><strong>Genel Ba\u015fkan:<\/strong> Hac\u0131 S\u00dcRMENEL\u0130<\/p>\n\n\n\n<p><strong>Ba\u015fkan Vekili:<\/strong> Burhanettin KANSIZO\u011eLU<\/p>\n\n\n\n<p><strong>Genel Sekreter:<\/strong> Ahmet NAS<\/p>\n\n\n\n<p><strong>Ba\u015fkan Yard\u0131mc\u0131lar\u0131:<\/strong> Ali \u00c7OLAK, Elgame BULUT, Erdal KORKMAZ, Mehmet Emin FELEMEZOL\u011eULLARI, Necmettin \u00dc\u00c7YILDIZ<\/p>\n\n\n\n<p><strong>Y\u00f6netim Kurulu \u00dcyeleri:<\/strong> Enes \u015e\u0130\u015eMAN, Halit DEM\u0130R, Hayati G\u00dcNER\u0130, \u0130smail KELPET\u0130N, Mustafa \u00d6NSAY, Ya\u015far YERL\u0130KAYA<\/p>\n","protected":false},"excerpt":{"rendered":"<p>Y\u00d6NET\u0130M KURULU Genel Ba\u015fkan: Hac\u0131 S\u00dcRMENEL\u0130 Ba\u015fkan Vekili: Burhanettin KANSIZO\u011eLU Genel Sekreter: Ahmet NAS Ba\u015fkan Yard\u0131mc\u0131lar\u0131: Ali \u00c7OLAK, Elgame BULUT,<\/p>\n","protected":false},"author":1,"featured_media":0,"parent":0,"menu_order":0,"comment_status":"closed","ping_status":"closed","template":"","meta":[],"_links":{"self":[{"href":"http:\/\/www.ataskon.org\/index.php?rest_route=\/wp\/v2\/pages\/83"}],"collection":[{"href":"http:\/\/www.ataskon.org\/index.php?rest_route=\/wp\/v2\/pages"}],"about":[{"href":"http:\/\/www.ataskon.org\/index.php?rest_route=\/wp\/v2\/types\/page"}],"author":[{"embeddable":true,"href":"http:\/\/www.ataskon.org\/index.php?rest_route=\/wp\/v2\/users\/1"}],"replies":[{"embeddable":true,"href":"http:\/\/www.ataskon.org\/index.php?rest_route=%2Fwp%2Fv2%2Fcomments&post=83"}],"version-history":[{"count":6,"href":"http:\/\/www.ataskon.org\/index.php?rest_route=\/wp\/v2\/pages\/83\/revisions"}],"predecessor-version":[{"id":194,"href":"http:\/\/www.ataskon.org\/index.php?rest_route=\/wp\/v2\/pages\/83\/revisions\/194"}],"wp:attachment":[{"href":"http:\/\/www.ataskon.org\/index.php?rest_route=%2Fwp%2Fv2%2Fmedia&parent=83"}],"curies":[{"name":"wp","href":"https:\/\/api.w.org\/{rel}","templated":true}]}}