{"id":87,"date":"2021-03-24T23:57:16","date_gmt":"2021-03-24T23:57:16","guid":{"rendered":"http:\/\/www.ataskon.org\/?page_id=87"},"modified":"2021-04-03T20:59:56","modified_gmt":"2021-04-03T20:59:56","slug":"hakkimizda","status":"publish","type":"page","link":"http:\/\/www.ataskon.org\/?page_id=87","title":{"rendered":"Hakk\u0131m\u0131zda"},"content":{"rendered":"\n<p>Amac\u0131m\u0131z, \u00fclkemizde ata sporlar\u0131n\u0131 ger\u00e7ekle\u015ftiren federasyonlar\u0131n \u00fcst kurulu\u015fu olarak ata sporlar\u0131 ile ilgili federasyonlar\u0131 bir \u00e7at\u0131 alt\u0131nda toplayarak federasyonlar\u0131n ve federasyonlara ba\u011fl\u0131 kul\u00fcplerin g\u00fc\u00e7lenmesini sa\u011flamak. Genelde t\u00fcm topluma, \u00f6zelde gen\u00e7li\u011fe y\u00f6nelik milli ve manevi de\u011ferler \u0131\u015f\u0131\u011f\u0131nda, ata sporlar\u0131n\u0131n T\u00fcrkiye sath\u0131nda yayg\u0131nla\u015fmas\u0131n\u0131 te\u015fvik ederek, ata sporlar\u0131 ile gen\u00e7li\u011fin ve halk\u0131n b\u00fct\u00fcnle\u015fmesini sa\u011flamak, bu ama\u00e7 do\u011frultusunda ulusal ve uluslararas\u0131 faaliyetlerde bulunmak.<\/p>\n","protected":false},"excerpt":{"rendered":"<p>Amac\u0131m\u0131z, \u00fclkemizde ata sporlar\u0131n\u0131 ger\u00e7ekle\u015ftiren federasyonlar\u0131n \u00fcst kurulu\u015fu olarak ata sporlar\u0131 ile ilgili federasyonlar\u0131 bir \u00e7at\u0131 alt\u0131nda toplayarak federasyonlar\u0131n ve<\/p>\n","protected":false},"author":1,"featured_media":0,"parent":0,"menu_order":0,"comment_status":"closed","ping_status":"closed","template":"","meta":[],"_links":{"self":[{"href":"http:\/\/www.ataskon.org\/index.php?rest_route=\/wp\/v2\/pages\/87"}],"collection":[{"href":"http:\/\/www.ataskon.org\/index.php?rest_route=\/wp\/v2\/pages"}],"about":[{"href":"http:\/\/www.ataskon.org\/index.php?rest_route=\/wp\/v2\/types\/page"}],"author":[{"embeddable":true,"href":"http:\/\/www.ataskon.org\/index.php?rest_route=\/wp\/v2\/users\/1"}],"replies":[{"embeddable":true,"href":"http:\/\/www.ataskon.org\/index.php?rest_route=%2Fwp%2Fv2%2Fcomments&post=87"}],"version-history":[{"count":4,"href":"http:\/\/www.ataskon.org\/index.php?rest_route=\/wp\/v2\/pages\/87\/revisions"}],"predecessor-version":[{"id":209,"href":"http:\/\/www.ataskon.org\/index.php?rest_route=\/wp\/v2\/pages\/87\/revisions\/209"}],"wp:attachment":[{"href":"http:\/\/www.ataskon.org\/index.php?rest_route=%2Fwp%2Fv2%2Fmedia&parent=87"}],"curies":[{"name":"wp","href":"https:\/\/api.w.org\/{rel}","templated":true}]}}