{"id":90,"date":"2021-03-24T23:59:30","date_gmt":"2021-03-24T23:59:30","guid":{"rendered":"http:\/\/www.ataskon.org\/?page_id=90"},"modified":"2021-04-04T12:51:05","modified_gmt":"2021-04-04T12:51:05","slug":"ata-sporlarimiz","status":"publish","type":"page","link":"http:\/\/www.ataskon.org\/?page_id=90","title":{"rendered":"Ata Sporlar\u0131m\u0131z"},"content":{"rendered":"\n<p>Aba G\u00fcre\u015fi<\/p>\n\n\n\n<p>A\u015f\u0131k Oyunu<br>Atl\u0131 Cirit<\/p>\n\n\n\n<p>Atl\u0131 K\u0131zak<\/p>\n\n\n\n<p>Atl\u0131 Ok\u00e7uluk<\/p>\n\n\n\n<p>Geleneksel K\u0131zak<\/p>\n\n\n\n<p>G\u00f6kb\u00f6r\u00fc<\/p>\n\n\n\n<p>Halat \u00c7ekme<br>Ku\u015fak G\u00fcre\u015fi<\/p>\n\n\n\n<p>K\u0131l\u0131\u00e7<br>Mangala<br>Mas G\u00fcre\u015fi<\/p>\n\n\n\n<p>M\u0131zrak Oyunu<\/p>\n\n\n\n<p>Post Kapma<\/p>\n\n\n\n<p>Rahvan Binicilik<br>\u015ealvar G\u00fcre\u015fi<\/p>\n\n\n\n<p>Tomak<\/p>\n\n\n\n<p>Tuluk ve Matrak Yaya Ok\u00e7uluk<\/p>\n","protected":false},"excerpt":{"rendered":"<p>Aba G\u00fcre\u015fi A\u015f\u0131k OyunuAtl\u0131 Cirit Atl\u0131 K\u0131zak Atl\u0131 Ok\u00e7uluk Geleneksel K\u0131zak G\u00f6kb\u00f6r\u00fc Halat \u00c7ekmeKu\u015fak G\u00fcre\u015fi K\u0131l\u0131\u00e7MangalaMas G\u00fcre\u015fi M\u0131zrak Oyunu Post<\/p>\n","protected":false},"author":1,"featured_media":0,"parent":0,"menu_order":0,"comment_status":"closed","ping_status":"closed","template":"","meta":[],"_links":{"self":[{"href":"http:\/\/www.ataskon.org\/index.php?rest_route=\/wp\/v2\/pages\/90"}],"collection":[{"href":"http:\/\/www.ataskon.org\/index.php?rest_route=\/wp\/v2\/pages"}],"about":[{"href":"http:\/\/www.ataskon.org\/index.php?rest_route=\/wp\/v2\/types\/page"}],"author":[{"embeddable":true,"href":"http:\/\/www.ataskon.org\/index.php?rest_route=\/wp\/v2\/users\/1"}],"replies":[{"embeddable":true,"href":"http:\/\/www.ataskon.org\/index.php?rest_route=%2Fwp%2Fv2%2Fcomments&post=90"}],"version-history":[{"count":5,"href":"http:\/\/www.ataskon.org\/index.php?rest_route=\/wp\/v2\/pages\/90\/revisions"}],"predecessor-version":[{"id":228,"href":"http:\/\/www.ataskon.org\/index.php?rest_route=\/wp\/v2\/pages\/90\/revisions\/228"}],"wp:attachment":[{"href":"http:\/\/www.ataskon.org\/index.php?rest_route=%2Fwp%2Fv2%2Fmedia&parent=90"}],"curies":[{"name":"wp","href":"https:\/\/api.w.org\/{rel}","templated":true}]}}